{"id":1209,"date":"2024-01-11T09:53:41","date_gmt":"2024-01-11T09:53:41","guid":{"rendered":"https:\/\/inngera.com\/contacta-ingera"},"modified":"2025-06-13T08:15:08","modified_gmt":"2025-06-13T08:15:08","slug":"contacta-ingera","status":"publish","type":"page","link":"https:\/\/inngera.com\/es\/contacta-ingera","title":{"rendered":"Contacta | INGERA"},"content":{"rendered":"\t\t<div data-elementor-type=\"wp-page\" data-elementor-id=\"1209\" class=\"elementor elementor-1209 elementor-476\" data-elementor-post-type=\"page\">\n\t\t\t\t\t\t<section class=\"elementor-section elementor-top-section elementor-element elementor-element-43c791cf elementor-section-boxed elementor-section-height-default elementor-section-height-default\" data-id=\"43c791cf\" data-element_type=\"section\" data-settings=\"{&quot;background_background&quot;:&quot;classic&quot;}\">\n\t\t\t\t\t\t<div class=\"elementor-container elementor-column-gap-default\">\n\t\t\t\t\t<div class=\"elementor-column elementor-col-100 elementor-top-column elementor-element elementor-element-429de246\" data-id=\"429de246\" data-element_type=\"column\">\n\t\t\t<div class=\"elementor-widget-wrap elementor-element-populated\">\n\t\t\t\t\t\t<section class=\"elementor-section elementor-inner-section elementor-element elementor-element-40a29efb elementor-section-content-middle elementor-section-boxed elementor-section-height-default elementor-section-height-default\" data-id=\"40a29efb\" data-element_type=\"section\">\n\t\t\t\t\t\t<div class=\"elementor-container elementor-column-gap-default\">\n\t\t\t\t\t<div class=\"elementor-column elementor-col-50 elementor-inner-column elementor-element elementor-element-5a7641f5\" data-id=\"5a7641f5\" data-element_type=\"column\">\n\t\t\t<div class=\"elementor-widget-wrap elementor-element-populated\">\n\t\t\t\t\t\t<div class=\"elementor-element elementor-element-24b48402 elementor-widget__width-initial elementor-invisible elementor-widget elementor-widget-jkit_animated_text\" data-id=\"24b48402\" data-element_type=\"widget\" data-settings=\"{&quot;_animation&quot;:&quot;fadeInUp&quot;}\" data-widget_type=\"jkit_animated_text.default\">\n\t\t\t\t<div class=\"elementor-widget-container\">\n\t\t\t\t\t<div  class=\"jeg-elementor-kit jkit-animated-text jeg_module___69e395e824551\"  data-style=\"none\"><h1 class=\"animated-text\"><span class=\"normal-text style-color\">Quiero saber m\u00e1s<\/span><span class=\"dynamic-wrapper style-color\"><span class=\"dynamic-text\">!<\/span><\/span><span class=\"normal-text style-color\"><\/span><\/h1><\/div>\t\t\t\t<\/div>\n\t\t\t\t<\/div>\n\t\t\t\t\t<\/div>\n\t\t<\/div>\n\t\t\t\t<div class=\"elementor-column elementor-col-50 elementor-inner-column elementor-element elementor-element-53404454\" data-id=\"53404454\" data-element_type=\"column\">\n\t\t\t<div class=\"elementor-widget-wrap\">\n\t\t\t\t\t\t\t<\/div>\n\t\t<\/div>\n\t\t\t\t\t<\/div>\n\t\t<\/section>\n\t\t\t\t\t<\/div>\n\t\t<\/div>\n\t\t\t\t\t<\/div>\n\t\t<\/section>\n\t\t\t\t<section class=\"elementor-section elementor-top-section elementor-element elementor-element-4631a9a1 elementor-section-boxed elementor-section-height-default elementor-section-height-default\" data-id=\"4631a9a1\" data-element_type=\"section\">\n\t\t\t\t\t\t<div class=\"elementor-container elementor-column-gap-default\">\n\t\t\t\t\t<div class=\"elementor-column elementor-col-66 elementor-top-column elementor-element elementor-element-60a254a2\" data-id=\"60a254a2\" data-element_type=\"column\" data-settings=\"{&quot;background_background&quot;:&quot;classic&quot;}\">\n\t\t\t<div class=\"elementor-widget-wrap elementor-element-populated\">\n\t\t\t\t\t\t<div class=\"elementor-element elementor-element-1676e22b elementor-button-align-stretch elementor-widget elementor-widget-form\" data-id=\"1676e22b\" data-element_type=\"widget\" data-settings=\"{&quot;step_next_label&quot;:&quot;Siguiente&quot;,&quot;step_previous_label&quot;:&quot;Anterior&quot;,&quot;button_width&quot;:&quot;100&quot;,&quot;step_type&quot;:&quot;number_text&quot;,&quot;step_icon_shape&quot;:&quot;circle&quot;}\" data-widget_type=\"form.default\">\n\t\t\t\t<div class=\"elementor-widget-container\">\n\t\t\t\t\t\t\t<form class=\"elementor-form\" method=\"post\" id=\"contacte\" name=\"Nuevo formulario web INNGERA\">\n\t\t\t<input type=\"hidden\" name=\"post_id\" value=\"1209\"\/>\n\t\t\t<input type=\"hidden\" name=\"form_id\" value=\"1676e22b\"\/>\n\t\t\t<input type=\"hidden\" name=\"referer_title\" value=\"INNGERA\" \/>\n\n\t\t\t\n\t\t\t<div class=\"elementor-form-fields-wrapper elementor-labels-above\">\n\t\t\t\t\t\t\t\t<div class=\"elementor-field-type-text elementor-field-group elementor-column elementor-field-group-name elementor-col-100 elementor-field-required elementor-mark-required\">\n\t\t\t\t\t\t\t\t\t\t\t\t<label for=\"form-field-name\" class=\"elementor-field-label\">\n\t\t\t\t\t\t\t\tNombre y apellidos\t\t\t\t\t\t\t<\/label>\n\t\t\t\t\t\t\t\t\t\t\t\t\t\t<input size=\"1\" type=\"text\" name=\"form_fields[name]\" id=\"form-field-name\" class=\"elementor-field elementor-size-sm  elementor-field-textual\" required=\"required\" aria-required=\"true\">\n\t\t\t\t\t\t\t\t\t\t\t<\/div>\n\t\t\t\t\t\t\t\t<div class=\"elementor-field-type-email elementor-field-group elementor-column elementor-field-group-email elementor-col-100 elementor-field-required elementor-mark-required\">\n\t\t\t\t\t\t\t\t\t\t\t\t<label for=\"form-field-email\" class=\"elementor-field-label\">\n\t\t\t\t\t\t\t\tCorreo electr\u00f3nico\t\t\t\t\t\t\t<\/label>\n\t\t\t\t\t\t\t\t\t\t\t\t\t\t<input size=\"1\" type=\"email\" name=\"form_fields[email]\" id=\"form-field-email\" class=\"elementor-field elementor-size-sm  elementor-field-textual\" required=\"required\" aria-required=\"true\">\n\t\t\t\t\t\t\t\t\t\t\t<\/div>\n\t\t\t\t\t\t\t\t<div class=\"elementor-field-type-textarea elementor-field-group elementor-column elementor-field-group-message elementor-col-100 elementor-field-required elementor-mark-required\">\n\t\t\t\t\t\t\t\t\t\t\t\t<label for=\"form-field-message\" class=\"elementor-field-label\">\n\t\t\t\t\t\t\t\tMensaje\t\t\t\t\t\t\t<\/label>\n\t\t\t\t\t\t<textarea class=\"elementor-field-textual elementor-field  elementor-size-sm\" name=\"form_fields[message]\" id=\"form-field-message\" rows=\"4\" required=\"required\" aria-required=\"true\"><\/textarea>\t\t\t\t<\/div>\n\t\t\t\t\t\t\t\t<div class=\"elementor-field-type-recaptcha_v3 elementor-field-group elementor-column elementor-field-group-field_fb9d383 elementor-col-100 recaptcha_v3-bottomright\">\n\t\t\t\t\t<div class=\"elementor-field\" id=\"form-field-field_fb9d383\"><div class=\"elementor-g-recaptcha\" data-sitekey=\"6LdXV18rAAAAAEvDWUrFDW9PZWN807BOTp0yuuOs\" data-type=\"v3\" data-action=\"Form\" data-badge=\"bottomright\" data-size=\"invisible\"><\/div><\/div>\t\t\t\t<\/div>\n\t\t\t\t\t\t\t\t<div class=\"elementor-field-group elementor-column elementor-field-type-submit elementor-col-100 e-form__buttons\">\n\t\t\t\t\t<button type=\"submit\" class=\"elementor-button elementor-size-sm\">\n\t\t\t\t\t\t<span >\n\t\t\t\t\t\t\t\t\t\t\t\t\t\t\t<span class=\" elementor-button-icon\">\n\t\t\t\t\t\t\t\t\t\t\t\t\t\t\t\t\t\t\t\t\t\t\t\t\t\t<\/span>\n\t\t\t\t\t\t\t\t\t\t\t\t\t\t\t\t\t\t\t\t\t\t<span class=\"elementor-button-text\">Enviar<\/span>\n\t\t\t\t\t\t\t\t\t\t\t\t\t<\/span>\n\t\t\t\t\t<\/button>\n\t\t\t\t<\/div>\n\t\t\t<\/div>\n\t\t<\/form>\n\t\t\t\t\t\t<\/div>\n\t\t\t\t<\/div>\n\t\t\t\t\t<\/div>\n\t\t<\/div>\n\t\t\t\t<div class=\"elementor-column elementor-col-33 elementor-top-column elementor-element elementor-element-118d4e53\" data-id=\"118d4e53\" data-element_type=\"column\">\n\t\t\t<div class=\"elementor-widget-wrap elementor-element-populated\">\n\t\t\t\t\t\t<div class=\"elementor-element elementor-element-fef17ff elementor-widget__width-auto elementor-widget elementor-widget-jkit_animated_text\" data-id=\"fef17ff\" data-element_type=\"widget\" data-widget_type=\"jkit_animated_text.default\">\n\t\t\t\t<div class=\"elementor-widget-container\">\n\t\t\t\t\t<div  class=\"jeg-elementor-kit jkit-animated-text jeg_module__1_69e395e828447\"  data-style=\"none\"><a href=\"#\"><h5 class=\"animated-text\"><span class=\"normal-text style-color\">Ll\u00e1manos<\/span><span class=\"dynamic-wrapper style-color\"><span class=\"dynamic-text\">.<\/span><\/span><span class=\"normal-text style-color\"><\/span><\/h5><\/a><\/div>\t\t\t\t<\/div>\n\t\t\t\t<\/div>\n\t\t\t\t<div class=\"elementor-element elementor-element-4e202b89 elementor-icon-list--layout-traditional elementor-list-item-link-full_width elementor-widget elementor-widget-icon-list\" data-id=\"4e202b89\" data-element_type=\"widget\" data-widget_type=\"icon-list.default\">\n\t\t\t\t<div class=\"elementor-widget-container\">\n\t\t\t\t\t\t\t<ul class=\"elementor-icon-list-items\">\n\t\t\t\t\t\t\t<li class=\"elementor-icon-list-item\">\n\t\t\t\t\t\t\t\t\t\t<span class=\"elementor-icon-list-text\">+34 633 872 725<\/span>\n\t\t\t\t\t\t\t\t\t<\/li>\n\t\t\t\t\t\t<\/ul>\n\t\t\t\t\t\t<\/div>\n\t\t\t\t<\/div>\n\t\t\t\t<div class=\"elementor-element elementor-element-17e36e85 elementor-widget__width-auto elementor-widget elementor-widget-jkit_animated_text\" data-id=\"17e36e85\" data-element_type=\"widget\" data-widget_type=\"jkit_animated_text.default\">\n\t\t\t\t<div class=\"elementor-widget-container\">\n\t\t\t\t\t<div  class=\"jeg-elementor-kit jkit-animated-text jeg_module__2_69e395e828bb3\"  data-style=\"none\"><a href=\"#\"><h5 class=\"animated-text\"><span class=\"normal-text style-color\">Escr\u00edbenos<\/span><span class=\"dynamic-wrapper style-color\"><span class=\"dynamic-text\">.<\/span><\/span><span class=\"normal-text style-color\"><\/span><\/h5><\/a><\/div>\t\t\t\t<\/div>\n\t\t\t\t<\/div>\n\t\t\t\t<div class=\"elementor-element elementor-element-19e8b92a elementor-icon-list--layout-traditional elementor-list-item-link-full_width elementor-widget elementor-widget-icon-list\" data-id=\"19e8b92a\" data-element_type=\"widget\" data-widget_type=\"icon-list.default\">\n\t\t\t\t<div class=\"elementor-widget-container\">\n\t\t\t\t\t\t\t<ul class=\"elementor-icon-list-items\">\n\t\t\t\t\t\t\t<li class=\"elementor-icon-list-item\">\n\t\t\t\t\t\t\t\t\t\t\t<a href=\"mailto:hola@inngera.com\">\n\n\t\t\t\t\t\t\t\t\t\t\t<span class=\"elementor-icon-list-text\">hola@inngera.com<\/span>\n\t\t\t\t\t\t\t\t\t\t\t<\/a>\n\t\t\t\t\t\t\t\t\t<\/li>\n\t\t\t\t\t\t<\/ul>\n\t\t\t\t\t\t<\/div>\n\t\t\t\t<\/div>\n\t\t\t\t<div class=\"elementor-element elementor-element-63584c30 elementor-widget elementor-widget-google_maps\" data-id=\"63584c30\" data-element_type=\"widget\" data-widget_type=\"google_maps.default\">\n\t\t\t\t<div class=\"elementor-widget-container\">\n\t\t\t\t\t\t\t<div class=\"elementor-custom-embed\">\n\t\t\t<iframe loading=\"lazy\"\n\t\t\t\t\tsrc=\"https:\/\/maps.google.com\/maps?q=Vilablareix%2C%20Girona&#038;t=m&#038;z=9&#038;output=embed&#038;iwloc=near\"\n\t\t\t\t\ttitle=\"Vilablareix, Girona\"\n\t\t\t\t\taria-label=\"Vilablareix, Girona\"\n\t\t\t><\/iframe>\n\t\t<\/div>\n\t\t\t\t\t\t<\/div>\n\t\t\t\t<\/div>\n\t\t\t\t\t<\/div>\n\t\t<\/div>\n\t\t\t\t\t<\/div>\n\t\t<\/section>\n\t\t\t\t<\/div>\n\t\t","protected":false},"excerpt":{"rendered":"<p>Quiero saber m\u00e1s! Ll\u00e1manos. +34 633 872 725 Escr\u00edbenos. hola@inngera.com<\/p>\n","protected":false},"author":1,"featured_media":0,"parent":0,"menu_order":0,"comment_status":"closed","ping_status":"closed","template":"elementor_header_footer","meta":{"footnotes":""},"class_list":["post-1209","page","type-page","status-publish","hentry"],"yoast_head":"<!-- This site is optimized with the Yoast SEO plugin v24.4 - https:\/\/yoast.com\/wordpress\/plugins\/seo\/ -->\n<title>Contacta | INGERA - INNGERA<\/title>\n<meta name=\"robots\" content=\"index, follow, max-snippet:-1, max-image-preview:large, max-video-preview:-1\" \/>\n<link rel=\"canonical\" href=\"https:\/\/inngera.com\/es\/contacta-ingera\" \/>\n<meta property=\"og:locale\" content=\"es_ES\" \/>\n<meta property=\"og:type\" content=\"article\" \/>\n<meta property=\"og:title\" content=\"Contacta | INGERA - INNGERA\" \/>\n<meta property=\"og:description\" content=\"Quiero saber m\u00e1s! Ll\u00e1manos. +34 633 872 725 Escr\u00edbenos. hola@inngera.com\" \/>\n<meta property=\"og:url\" content=\"https:\/\/inngera.com\/es\/contacta-ingera\" \/>\n<meta property=\"og:site_name\" content=\"INNGERA\" \/>\n<meta property=\"article:modified_time\" content=\"2025-06-13T08:15:08+00:00\" \/>\n<meta name=\"twitter:card\" content=\"summary_large_image\" \/>\n<script type=\"application\/ld+json\" class=\"yoast-schema-graph\">{\"@context\":\"https:\/\/schema.org\",\"@graph\":[{\"@type\":\"WebPage\",\"@id\":\"https:\/\/inngera.com\/es\/contacta-ingera\",\"url\":\"https:\/\/inngera.com\/es\/contacta-ingera\",\"name\":\"Contacta | INGERA - INNGERA\",\"isPartOf\":{\"@id\":\"https:\/\/inngera.com\/#website\"},\"datePublished\":\"2024-01-11T09:53:41+00:00\",\"dateModified\":\"2025-06-13T08:15:08+00:00\",\"breadcrumb\":{\"@id\":\"https:\/\/inngera.com\/es\/contacta-ingera#breadcrumb\"},\"inLanguage\":\"es\",\"potentialAction\":[{\"@type\":\"ReadAction\",\"target\":[\"https:\/\/inngera.com\/es\/contacta-ingera\"]}]},{\"@type\":\"BreadcrumbList\",\"@id\":\"https:\/\/inngera.com\/es\/contacta-ingera#breadcrumb\",\"itemListElement\":[{\"@type\":\"ListItem\",\"position\":1,\"name\":\"Inici\",\"item\":\"https:\/\/inngera.com\/es\/inicio-ingera\"},{\"@type\":\"ListItem\",\"position\":2,\"name\":\"Contacta | INGERA\"}]},{\"@type\":\"WebSite\",\"@id\":\"https:\/\/inngera.com\/#website\",\"url\":\"https:\/\/inngera.com\/\",\"name\":\"INNGERA\",\"description\":\"Consultora d&#039;innovaci\u00f3 a Girona\",\"publisher\":{\"@id\":\"https:\/\/inngera.com\/#organization\"},\"potentialAction\":[{\"@type\":\"SearchAction\",\"target\":{\"@type\":\"EntryPoint\",\"urlTemplate\":\"https:\/\/inngera.com\/?s={search_term_string}\"},\"query-input\":{\"@type\":\"PropertyValueSpecification\",\"valueRequired\":true,\"valueName\":\"search_term_string\"}}],\"inLanguage\":\"es\"},{\"@type\":\"Organization\",\"@id\":\"https:\/\/inngera.com\/#organization\",\"name\":\"INNGERA\",\"url\":\"https:\/\/inngera.com\/\",\"logo\":{\"@type\":\"ImageObject\",\"inLanguage\":\"es\",\"@id\":\"https:\/\/inngera.com\/#\/schema\/logo\/image\/\",\"url\":\"https:\/\/inngera.com\/wp-content\/uploads\/2024\/01\/cropped-Color-logo-no-background.png\",\"contentUrl\":\"https:\/\/inngera.com\/wp-content\/uploads\/2024\/01\/cropped-Color-logo-no-background.png\",\"width\":3160,\"height\":781,\"caption\":\"INNGERA\"},\"image\":{\"@id\":\"https:\/\/inngera.com\/#\/schema\/logo\/image\/\"}}]}<\/script>\n<!-- \/ Yoast SEO plugin. -->","yoast_head_json":{"title":"Contacta | INGERA - INNGERA","robots":{"index":"index","follow":"follow","max-snippet":"max-snippet:-1","max-image-preview":"max-image-preview:large","max-video-preview":"max-video-preview:-1"},"canonical":"https:\/\/inngera.com\/es\/contacta-ingera","og_locale":"es_ES","og_type":"article","og_title":"Contacta | INGERA - INNGERA","og_description":"Quiero saber m\u00e1s! Ll\u00e1manos. +34 633 872 725 Escr\u00edbenos. hola@inngera.com","og_url":"https:\/\/inngera.com\/es\/contacta-ingera","og_site_name":"INNGERA","article_modified_time":"2025-06-13T08:15:08+00:00","twitter_card":"summary_large_image","schema":{"@context":"https:\/\/schema.org","@graph":[{"@type":"WebPage","@id":"https:\/\/inngera.com\/es\/contacta-ingera","url":"https:\/\/inngera.com\/es\/contacta-ingera","name":"Contacta | INGERA - INNGERA","isPartOf":{"@id":"https:\/\/inngera.com\/#website"},"datePublished":"2024-01-11T09:53:41+00:00","dateModified":"2025-06-13T08:15:08+00:00","breadcrumb":{"@id":"https:\/\/inngera.com\/es\/contacta-ingera#breadcrumb"},"inLanguage":"es","potentialAction":[{"@type":"ReadAction","target":["https:\/\/inngera.com\/es\/contacta-ingera"]}]},{"@type":"BreadcrumbList","@id":"https:\/\/inngera.com\/es\/contacta-ingera#breadcrumb","itemListElement":[{"@type":"ListItem","position":1,"name":"Inici","item":"https:\/\/inngera.com\/es\/inicio-ingera"},{"@type":"ListItem","position":2,"name":"Contacta | INGERA"}]},{"@type":"WebSite","@id":"https:\/\/inngera.com\/#website","url":"https:\/\/inngera.com\/","name":"INNGERA","description":"Consultora d&#039;innovaci\u00f3 a Girona","publisher":{"@id":"https:\/\/inngera.com\/#organization"},"potentialAction":[{"@type":"SearchAction","target":{"@type":"EntryPoint","urlTemplate":"https:\/\/inngera.com\/?s={search_term_string}"},"query-input":{"@type":"PropertyValueSpecification","valueRequired":true,"valueName":"search_term_string"}}],"inLanguage":"es"},{"@type":"Organization","@id":"https:\/\/inngera.com\/#organization","name":"INNGERA","url":"https:\/\/inngera.com\/","logo":{"@type":"ImageObject","inLanguage":"es","@id":"https:\/\/inngera.com\/#\/schema\/logo\/image\/","url":"https:\/\/inngera.com\/wp-content\/uploads\/2024\/01\/cropped-Color-logo-no-background.png","contentUrl":"https:\/\/inngera.com\/wp-content\/uploads\/2024\/01\/cropped-Color-logo-no-background.png","width":3160,"height":781,"caption":"INNGERA"},"image":{"@id":"https:\/\/inngera.com\/#\/schema\/logo\/image\/"}}]}},"_links":{"self":[{"href":"https:\/\/inngera.com\/es\/wp-json\/wp\/v2\/pages\/1209","targetHints":{"allow":["GET"]}}],"collection":[{"href":"https:\/\/inngera.com\/es\/wp-json\/wp\/v2\/pages"}],"about":[{"href":"https:\/\/inngera.com\/es\/wp-json\/wp\/v2\/types\/page"}],"author":[{"embeddable":true,"href":"https:\/\/inngera.com\/es\/wp-json\/wp\/v2\/users\/1"}],"replies":[{"embeddable":true,"href":"https:\/\/inngera.com\/es\/wp-json\/wp\/v2\/comments?post=1209"}],"version-history":[{"count":3,"href":"https:\/\/inngera.com\/es\/wp-json\/wp\/v2\/pages\/1209\/revisions"}],"predecessor-version":[{"id":1397,"href":"https:\/\/inngera.com\/es\/wp-json\/wp\/v2\/pages\/1209\/revisions\/1397"}],"wp:attachment":[{"href":"https:\/\/inngera.com\/es\/wp-json\/wp\/v2\/media?parent=1209"}],"curies":[{"name":"wp","href":"https:\/\/api.w.org\/{rel}","templated":true}]}}